{"id":919,"date":"2024-12-19T19:57:27","date_gmt":"2024-12-19T18:57:27","guid":{"rendered":"https:\/\/smb-kleinenbroich.de\/home\/?page_id=919"},"modified":"2025-12-04T21:28:21","modified_gmt":"2025-12-04T20:28:21","slug":"anmeldung-fusswallfahrt-2026","status":"publish","type":"page","link":"https:\/\/smb-kleinenbroich.de\/home\/anmeldung-fusswallfahrt-2026\/","title":{"rendered":"Anmeldung Fu\u00dfwallfahrt nach Trier 2026"},"content":{"rendered":"<style id=\"wpforms-css-vars-1095-block-421566bd-6e30-4f21-a6e5-7277487c79d9\">\n\t\t\t\t#wpforms-1095.wpforms-block-421566bd-6e30-4f21-a6e5-7277487c79d9 {\n\t\t\t\t--wpforms-field-size-input-height: 43px;\n--wpforms-field-size-input-spacing: 15px;\n--wpforms-field-size-font-size: 16px;\n--wpforms-field-size-line-height: 19px;\n--wpforms-field-size-padding-h: 14px;\n--wpforms-field-size-checkbox-size: 16px;\n--wpforms-field-size-sublabel-spacing: 5px;\n--wpforms-field-size-icon-size: 1;\n--wpforms-label-size-font-size: 16px;\n--wpforms-label-size-line-height: 19px;\n--wpforms-label-size-sublabel-font-size: 14px;\n--wpforms-label-size-sublabel-line-height: 17px;\n--wpforms-button-size-font-size: 17px;\n--wpforms-button-size-height: 41px;\n--wpforms-button-size-padding-h: 15px;\n--wpforms-button-size-margin-top: 10px;\n\t\t\t}\n\t\t\t<\/style><div class=\"wpforms-container wpforms-container-full wpforms-block wpforms-block-421566bd-6e30-4f21-a6e5-7277487c79d9 wpforms-render-modern\" id=\"wpforms-1095\"><form id=\"wpforms-form-1095\" class=\"wpforms-validate wpforms-form wpforms-ajax-form\" data-formid=\"1095\" method=\"post\" enctype=\"multipart\/form-data\" action=\"\/home\/wp-json\/wp\/v2\/pages\/919\" data-token=\"990c02956314e2bd98ad20a2781b61a5\" data-token-time=\"1776441695\"><div class=\"wpforms-head-container\"><div class=\"wpforms-description\">Ich melde mich verbindlich f\u00fcr die Fu\u00dfwallfahrt nach Trier von Donnerstag 14.05.2026 bis Dienstag 19.05.2026 an.\r\nBitte f\u00fcllt das nachfolgende Anmeldformular aus &#8211; die Anmeldebest\u00e4tigung erhaltet ihr dann zeitverz\u00f6gert, da sie manuell bearbeitet wird<\/div><\/div><noscript class=\"wpforms-error-noscript\">Bitte aktiviere JavaScript in deinem Browser, um dieses Formular fertigzustellen.<\/noscript><div id=\"wpforms-error-noscript\" style=\"display: none;\">Bitte aktiviere JavaScript in deinem Browser, um dieses Formular fertigzustellen.<\/div><div class=\"wpforms-field-container\"><div id=\"wpforms-1095-field_2-container\" class=\"wpforms-field wpforms-field-name\" data-field-id=\"2\"><fieldset><legend class=\"wpforms-field-label\">Name <span class=\"wpforms-required-label\" aria-hidden=\"true\">*<\/span><\/legend><div class=\"wpforms-field-row wpforms-field-medium\"><div class=\"wpforms-field-row-block wpforms-first wpforms-one-half\"><input type=\"text\" id=\"wpforms-1095-field_2\" class=\"wpforms-field-name-first wpforms-field-required\" name=\"wpforms[fields][2][first]\" aria-errormessage=\"wpforms-1095-field_2-error\" required><label for=\"wpforms-1095-field_2\" class=\"wpforms-field-sublabel after\">Vorname<\/label><\/div><div class=\"wpforms-field-row-block wpforms-one-half\"><input type=\"text\" id=\"wpforms-1095-field_2-last\" class=\"wpforms-field-name-last wpforms-field-required\" name=\"wpforms[fields][2][last]\" aria-errormessage=\"wpforms-1095-field_2-last-error\" required><label for=\"wpforms-1095-field_2-last\" class=\"wpforms-field-sublabel after\">Nachname<\/label><\/div><\/div><\/fieldset><\/div><div id=\"wpforms-1095-field_4-container\" class=\"wpforms-field wpforms-field-text\" data-field-id=\"4\"><label class=\"wpforms-field-label\" for=\"wpforms-1095-field_4\">Strasse, HsNr, PLZ, Ort <span class=\"wpforms-required-label\" aria-hidden=\"true\">*<\/span><\/label><input type=\"text\" id=\"wpforms-1095-field_4\" class=\"wpforms-field-medium wpforms-field-required\" name=\"wpforms[fields][4]\" aria-errormessage=\"wpforms-1095-field_4-error\" required><\/div><div id=\"wpforms-1095-field_9-container\" class=\"wpforms-field wpforms-field-text\" data-field-id=\"9\"><label class=\"wpforms-field-label\" for=\"wpforms-1095-field_9\">Mobile Telefonnummer <span class=\"wpforms-required-label\" aria-hidden=\"true\">*<\/span><\/label><input type=\"text\" id=\"wpforms-1095-field_9\" class=\"wpforms-field-medium wpforms-field-required\" name=\"wpforms[fields][9]\" aria-errormessage=\"wpforms-1095-field_9-error\" required><\/div><div id=\"wpforms-1095-field_3-container\" class=\"wpforms-field wpforms-field-email\" data-field-id=\"3\"><label class=\"wpforms-field-label\" for=\"wpforms-1095-field_3\">E-Mail-Adresse <span class=\"wpforms-required-label\" aria-hidden=\"true\">*<\/span><\/label><input type=\"email\" id=\"wpforms-1095-field_3\" class=\"wpforms-field-medium wpforms-field-required\" name=\"wpforms[fields][3]\" spellcheck=\"false\" aria-errormessage=\"wpforms-1095-field_3-error\" required><\/div><div id=\"wpforms-1095-field_5-container\" class=\"wpforms-field wpforms-field-select wpforms-field-select-style-classic\" data-field-id=\"5\"><label class=\"wpforms-field-label\" for=\"wpforms-1095-field_5\">Konfession <span class=\"wpforms-required-label\" aria-hidden=\"true\">*<\/span><\/label><select id=\"wpforms-1095-field_5\" class=\"wpforms-field-medium wpforms-field-required\" name=\"wpforms[fields][5]\" required=\"required\"><option value=\"r\/k\"  class=\"choice-1 depth-1\"  >r\/k<\/option><option value=\"ev\"  class=\"choice-2 depth-1\"  >ev<\/option><option value=\"sonstiges\"  class=\"choice-3 depth-1\"  >sonstiges<\/option><\/select><\/div><div id=\"wpforms-1095-field_11-container\" class=\"wpforms-field wpforms-field-text\" data-field-id=\"11\"><label class=\"wpforms-field-label\" for=\"wpforms-1095-field_11\">Geburtsdatum bei Neupilger<\/label><input type=\"text\" id=\"wpforms-1095-field_11\" class=\"wpforms-field-medium\" name=\"wpforms[fields][11]\" aria-errormessage=\"wpforms-1095-field_11-error\" ><\/div><div id=\"wpforms-1095-field_8-container\" class=\"wpforms-field wpforms-field-select wpforms-field-select-style-classic\" data-field-id=\"8\"><label class=\"wpforms-field-label\" for=\"wpforms-1095-field_8\">Ern\u00e4hrung<\/label><select id=\"wpforms-1095-field_8\" class=\"wpforms-field-medium\" name=\"wpforms[fields][8]\"><option value=\"Bitte ausw\u00e4hlen\"  class=\"choice-1 depth-1\"  >Bitte ausw\u00e4hlen<\/option><option value=\"Ich esse vegetarisch\"  class=\"choice-2 depth-1\"  >Ich esse vegetarisch<\/option><option value=\"Ich esse alles\"  class=\"choice-3 depth-1\"  >Ich esse alles<\/option><\/select><\/div><div id=\"wpforms-1095-field_6-container\" class=\"wpforms-field wpforms-field-textarea\" data-field-id=\"6\"><label class=\"wpforms-field-label\" for=\"wpforms-1095-field_6\">Anmerkungen<\/label><textarea id=\"wpforms-1095-field_6\" class=\"wpforms-field-medium\" name=\"wpforms[fields][6]\" aria-errormessage=\"wpforms-1095-field_6-error\" ><\/textarea><\/div><\/div><!-- .wpforms-field-container --><div class=\"wpforms-submit-container\" ><input type=\"hidden\" name=\"wpforms[id]\" value=\"1095\"><input type=\"hidden\" name=\"page_title\" value=\"\"><input type=\"hidden\" name=\"page_url\" value=\"https:\/\/smb-kleinenbroich.de\/home\/wp-json\/wp\/v2\/pages\/919\"><input type=\"hidden\" name=\"url_referer\" value=\"\"><button type=\"submit\" name=\"wpforms[submit]\" id=\"wpforms-submit-1095\" class=\"wpforms-submit\" data-alt-text=\"Wird gesendet\u00a0\u2026\" data-submit-text=\"Verbindlich anmelden\" aria-live=\"assertive\" value=\"wpforms-submit\">Verbindlich anmelden<\/button><img loading=\"lazy\" decoding=\"async\" src=\"https:\/\/smb-kleinenbroich.de\/wp-content\/plugins\/wpforms-lite\/assets\/images\/submit-spin.svg\" class=\"wpforms-submit-spinner\" style=\"display: none;\" width=\"26\" height=\"26\" alt=\"Wird geladen\"><\/div><\/form><\/div>  <!-- .wpforms-container -->\n\n\n<p><\/p>\n","protected":false},"excerpt":{"rendered":"","protected":false},"author":1,"featured_media":0,"parent":0,"menu_order":0,"comment_status":"closed","ping_status":"closed","template":"","meta":{"footnotes":""},"class_list":["post-919","page","type-page","status-publish","hentry"],"yoast_head":"<!-- This site is optimized with the Yoast SEO plugin v26.3 - https:\/\/yoast.com\/wordpress\/plugins\/seo\/ -->\n<title>Anmeldung Fu\u00dfwallfahrt nach Trier 2026 - st.matthias.bruderschaft<\/title>\n<meta name=\"robots\" content=\"index, follow, max-snippet:-1, max-image-preview:large, max-video-preview:-1\" \/>\n<link rel=\"canonical\" href=\"https:\/\/smb-kleinenbroich.de\/home\/anmeldung-fusswallfahrt-2026\/\" \/>\n<meta property=\"og:locale\" content=\"de_DE\" \/>\n<meta property=\"og:type\" content=\"article\" \/>\n<meta property=\"og:title\" content=\"Anmeldung Fu\u00dfwallfahrt nach Trier 2026 - st.matthias.bruderschaft\" \/>\n<meta property=\"og:url\" content=\"https:\/\/smb-kleinenbroich.de\/home\/anmeldung-fusswallfahrt-2026\/\" \/>\n<meta property=\"og:site_name\" content=\"st.matthias.bruderschaft\" \/>\n<meta property=\"article:publisher\" content=\"https:\/\/www.facebook.com\/groups\/240086402704272\/\" \/>\n<meta property=\"article:modified_time\" content=\"2025-12-04T20:28:21+00:00\" \/>\n<meta name=\"twitter:card\" content=\"summary_large_image\" \/>\n<script type=\"application\/ld+json\" class=\"yoast-schema-graph\">{\"@context\":\"https:\/\/schema.org\",\"@graph\":[{\"@type\":\"WebPage\",\"@id\":\"https:\/\/smb-kleinenbroich.de\/home\/anmeldung-fusswallfahrt-2026\/\",\"url\":\"https:\/\/smb-kleinenbroich.de\/home\/anmeldung-fusswallfahrt-2026\/\",\"name\":\"Anmeldung Fu\u00dfwallfahrt nach Trier 2026 - st.matthias.bruderschaft\",\"isPartOf\":{\"@id\":\"https:\/\/smb-kleinenbroich.de\/home\/#website\"},\"datePublished\":\"2024-12-19T18:57:27+00:00\",\"dateModified\":\"2025-12-04T20:28:21+00:00\",\"breadcrumb\":{\"@id\":\"https:\/\/smb-kleinenbroich.de\/home\/anmeldung-fusswallfahrt-2026\/#breadcrumb\"},\"inLanguage\":\"de\",\"potentialAction\":[{\"@type\":\"ReadAction\",\"target\":[\"https:\/\/smb-kleinenbroich.de\/home\/anmeldung-fusswallfahrt-2026\/\"]}]},{\"@type\":\"BreadcrumbList\",\"@id\":\"https:\/\/smb-kleinenbroich.de\/home\/anmeldung-fusswallfahrt-2026\/#breadcrumb\",\"itemListElement\":[{\"@type\":\"ListItem\",\"position\":1,\"name\":\"Startseite\",\"item\":\"https:\/\/smb-kleinenbroich.de\/home\/\"},{\"@type\":\"ListItem\",\"position\":2,\"name\":\"Anmeldung Fu\u00dfwallfahrt nach Trier 2026\"}]},{\"@type\":\"WebSite\",\"@id\":\"https:\/\/smb-kleinenbroich.de\/home\/#website\",\"url\":\"https:\/\/smb-kleinenbroich.de\/home\/\",\"name\":\"st.matthias.bruderschaft\",\"description\":\"kleinenbroich\",\"publisher\":{\"@id\":\"https:\/\/smb-kleinenbroich.de\/home\/#organization\"},\"potentialAction\":[{\"@type\":\"SearchAction\",\"target\":{\"@type\":\"EntryPoint\",\"urlTemplate\":\"https:\/\/smb-kleinenbroich.de\/home\/?s={search_term_string}\"},\"query-input\":{\"@type\":\"PropertyValueSpecification\",\"valueRequired\":true,\"valueName\":\"search_term_string\"}}],\"inLanguage\":\"de\"},{\"@type\":\"Organization\",\"@id\":\"https:\/\/smb-kleinenbroich.de\/home\/#organization\",\"name\":\"st.matthias.bruderschaft\",\"url\":\"https:\/\/smb-kleinenbroich.de\/home\/\",\"logo\":{\"@type\":\"ImageObject\",\"inLanguage\":\"de\",\"@id\":\"https:\/\/smb-kleinenbroich.de\/home\/#\/schema\/logo\/image\/\",\"url\":\"https:\/\/smb-kleinenbroich.de\/wp-content\/uploads\/2023\/11\/cropped-SMB-Logo200x200.png\",\"contentUrl\":\"https:\/\/smb-kleinenbroich.de\/wp-content\/uploads\/2023\/11\/cropped-SMB-Logo200x200.png\",\"width\":200,\"height\":200,\"caption\":\"st.matthias.bruderschaft\"},\"image\":{\"@id\":\"https:\/\/smb-kleinenbroich.de\/home\/#\/schema\/logo\/image\/\"},\"sameAs\":[\"https:\/\/www.facebook.com\/groups\/240086402704272\/\"]}]}<\/script>\n<!-- \/ Yoast SEO plugin. -->","yoast_head_json":{"title":"Anmeldung Fu\u00dfwallfahrt nach Trier 2026 - st.matthias.bruderschaft","robots":{"index":"index","follow":"follow","max-snippet":"max-snippet:-1","max-image-preview":"max-image-preview:large","max-video-preview":"max-video-preview:-1"},"canonical":"https:\/\/smb-kleinenbroich.de\/home\/anmeldung-fusswallfahrt-2026\/","og_locale":"de_DE","og_type":"article","og_title":"Anmeldung Fu\u00dfwallfahrt nach Trier 2026 - st.matthias.bruderschaft","og_url":"https:\/\/smb-kleinenbroich.de\/home\/anmeldung-fusswallfahrt-2026\/","og_site_name":"st.matthias.bruderschaft","article_publisher":"https:\/\/www.facebook.com\/groups\/240086402704272\/","article_modified_time":"2025-12-04T20:28:21+00:00","twitter_card":"summary_large_image","schema":{"@context":"https:\/\/schema.org","@graph":[{"@type":"WebPage","@id":"https:\/\/smb-kleinenbroich.de\/home\/anmeldung-fusswallfahrt-2026\/","url":"https:\/\/smb-kleinenbroich.de\/home\/anmeldung-fusswallfahrt-2026\/","name":"Anmeldung Fu\u00dfwallfahrt nach Trier 2026 - st.matthias.bruderschaft","isPartOf":{"@id":"https:\/\/smb-kleinenbroich.de\/home\/#website"},"datePublished":"2024-12-19T18:57:27+00:00","dateModified":"2025-12-04T20:28:21+00:00","breadcrumb":{"@id":"https:\/\/smb-kleinenbroich.de\/home\/anmeldung-fusswallfahrt-2026\/#breadcrumb"},"inLanguage":"de","potentialAction":[{"@type":"ReadAction","target":["https:\/\/smb-kleinenbroich.de\/home\/anmeldung-fusswallfahrt-2026\/"]}]},{"@type":"BreadcrumbList","@id":"https:\/\/smb-kleinenbroich.de\/home\/anmeldung-fusswallfahrt-2026\/#breadcrumb","itemListElement":[{"@type":"ListItem","position":1,"name":"Startseite","item":"https:\/\/smb-kleinenbroich.de\/home\/"},{"@type":"ListItem","position":2,"name":"Anmeldung Fu\u00dfwallfahrt nach Trier 2026"}]},{"@type":"WebSite","@id":"https:\/\/smb-kleinenbroich.de\/home\/#website","url":"https:\/\/smb-kleinenbroich.de\/home\/","name":"st.matthias.bruderschaft","description":"kleinenbroich","publisher":{"@id":"https:\/\/smb-kleinenbroich.de\/home\/#organization"},"potentialAction":[{"@type":"SearchAction","target":{"@type":"EntryPoint","urlTemplate":"https:\/\/smb-kleinenbroich.de\/home\/?s={search_term_string}"},"query-input":{"@type":"PropertyValueSpecification","valueRequired":true,"valueName":"search_term_string"}}],"inLanguage":"de"},{"@type":"Organization","@id":"https:\/\/smb-kleinenbroich.de\/home\/#organization","name":"st.matthias.bruderschaft","url":"https:\/\/smb-kleinenbroich.de\/home\/","logo":{"@type":"ImageObject","inLanguage":"de","@id":"https:\/\/smb-kleinenbroich.de\/home\/#\/schema\/logo\/image\/","url":"https:\/\/smb-kleinenbroich.de\/wp-content\/uploads\/2023\/11\/cropped-SMB-Logo200x200.png","contentUrl":"https:\/\/smb-kleinenbroich.de\/wp-content\/uploads\/2023\/11\/cropped-SMB-Logo200x200.png","width":200,"height":200,"caption":"st.matthias.bruderschaft"},"image":{"@id":"https:\/\/smb-kleinenbroich.de\/home\/#\/schema\/logo\/image\/"},"sameAs":["https:\/\/www.facebook.com\/groups\/240086402704272\/"]}]}},"jetpack_sharing_enabled":true,"publishpress_future_action":{"enabled":false,"date":"2026-04-24 18:01:35","action":"change-status","newStatus":"draft","terms":[],"taxonomy":"","extraData":[]},"publishpress_future_workflow_manual_trigger":{"enabledWorkflows":[]},"_links":{"self":[{"href":"https:\/\/smb-kleinenbroich.de\/home\/wp-json\/wp\/v2\/pages\/919","targetHints":{"allow":["GET"]}}],"collection":[{"href":"https:\/\/smb-kleinenbroich.de\/home\/wp-json\/wp\/v2\/pages"}],"about":[{"href":"https:\/\/smb-kleinenbroich.de\/home\/wp-json\/wp\/v2\/types\/page"}],"author":[{"embeddable":true,"href":"https:\/\/smb-kleinenbroich.de\/home\/wp-json\/wp\/v2\/users\/1"}],"replies":[{"embeddable":true,"href":"https:\/\/smb-kleinenbroich.de\/home\/wp-json\/wp\/v2\/comments?post=919"}],"version-history":[{"count":9,"href":"https:\/\/smb-kleinenbroich.de\/home\/wp-json\/wp\/v2\/pages\/919\/revisions"}],"predecessor-version":[{"id":1110,"href":"https:\/\/smb-kleinenbroich.de\/home\/wp-json\/wp\/v2\/pages\/919\/revisions\/1110"}],"wp:attachment":[{"href":"https:\/\/smb-kleinenbroich.de\/home\/wp-json\/wp\/v2\/media?parent=919"}],"curies":[{"name":"wp","href":"https:\/\/api.w.org\/{rel}","templated":true}]}}