{"id":983,"date":"2025-04-30T11:22:40","date_gmt":"2025-04-30T09:22:40","guid":{"rendered":"https:\/\/smb-kleinenbroich.de\/home\/?page_id=983"},"modified":"2026-04-16T06:29:02","modified_gmt":"2026-04-16T04:29:02","slug":"einladung-zur-wallfahrt-nach-st-godehard-in-toenisvorst","status":"publish","type":"page","link":"https:\/\/smb-kleinenbroich.de\/home\/einladung-zur-wallfahrt-nach-st-godehard-in-toenisvorst\/","title":{"rendered":"Anmeldung zur Wallfahrt nach St. Godehard in T\u00f6nisvorst"},"content":{"rendered":"<div class=\"wpforms-container wpforms-container-full wpforms-block wpforms-block-5c98c2a8-011e-42e6-870d-b557fc32166b wpforms-render-modern\" id=\"wpforms-1152\"><form id=\"wpforms-form-1152\" class=\"wpforms-validate wpforms-form wpforms-ajax-form\" data-formid=\"1152\" method=\"post\" enctype=\"multipart\/form-data\" action=\"\/home\/wp-json\/wp\/v2\/pages\/983\" data-token=\"98157002e3c33cb0e516ec6dce6eea47\" data-token-time=\"1776761426\"><div class=\"wpforms-head-container\"><div class=\"wpforms-description\">Ich melde mich verbindlich f\u00fcr die Godehard Fu\u00dfwallfahrt nach T\u00f6nisvorst am Sonntag 03.05.2026 an.\r\nBitte f\u00fcllt das nachfolgende Anmeldformular aus &#8211; die Anmeldebest\u00e4tigung erhaltet ihr dann zeitverz\u00f6gert, da sie manuell bearbeitet wird<\/div><\/div><noscript class=\"wpforms-error-noscript\">Bitte aktiviere JavaScript in deinem Browser, um dieses Formular fertigzustellen.<\/noscript><div id=\"wpforms-error-noscript\" style=\"display: none;\">Bitte aktiviere JavaScript in deinem Browser, um dieses Formular fertigzustellen.<\/div><div class=\"wpforms-field-container\"><div id=\"wpforms-1152-field_2-container\" class=\"wpforms-field wpforms-field-name\" data-field-id=\"2\"><fieldset><legend class=\"wpforms-field-label\">Name <span class=\"wpforms-required-label\" aria-hidden=\"true\">*<\/span><\/legend><div class=\"wpforms-field-row wpforms-field-medium\"><div class=\"wpforms-field-row-block wpforms-first wpforms-one-half\"><input type=\"text\" id=\"wpforms-1152-field_2\" class=\"wpforms-field-name-first wpforms-field-required\" name=\"wpforms[fields][2][first]\" aria-errormessage=\"wpforms-1152-field_2-error\" required><label for=\"wpforms-1152-field_2\" class=\"wpforms-field-sublabel after\">Vorname<\/label><\/div><div class=\"wpforms-field-row-block wpforms-one-half\"><input type=\"text\" id=\"wpforms-1152-field_2-last\" class=\"wpforms-field-name-last wpforms-field-required\" name=\"wpforms[fields][2][last]\" aria-errormessage=\"wpforms-1152-field_2-last-error\" required><label for=\"wpforms-1152-field_2-last\" class=\"wpforms-field-sublabel after\">Nachname<\/label><\/div><\/div><\/fieldset><\/div><div id=\"wpforms-1152-field_9-container\" class=\"wpforms-field wpforms-field-text\" data-field-id=\"9\"><label class=\"wpforms-field-label\" for=\"wpforms-1152-field_9\">Mobile Telefonnummer <span class=\"wpforms-required-label\" aria-hidden=\"true\">*<\/span><\/label><input type=\"text\" id=\"wpforms-1152-field_9\" class=\"wpforms-field-medium wpforms-field-required\" name=\"wpforms[fields][9]\" aria-errormessage=\"wpforms-1152-field_9-error\" required><\/div><div id=\"wpforms-1152-field_3-container\" class=\"wpforms-field wpforms-field-email\" data-field-id=\"3\"><label class=\"wpforms-field-label\" for=\"wpforms-1152-field_3\">E-Mail-Adresse <span class=\"wpforms-required-label\" aria-hidden=\"true\">*<\/span><\/label><input type=\"email\" id=\"wpforms-1152-field_3\" class=\"wpforms-field-medium wpforms-field-required\" name=\"wpforms[fields][3]\" spellcheck=\"false\" aria-errormessage=\"wpforms-1152-field_3-error\" required><\/div><div id=\"wpforms-1152-field_13-container\" class=\"wpforms-field wpforms-field-checkbox\" data-field-id=\"13\"><fieldset><legend class=\"wpforms-field-label\">Ich pilgere <span class=\"wpforms-required-label\" aria-hidden=\"true\">*<\/span><\/legend><ul id=\"wpforms-1152-field_13\" class=\"wpforms-field-required\"><li class=\"choice-1 depth-1\"><input type=\"checkbox\" id=\"wpforms-1152-field_13_1\" name=\"wpforms[fields][13][]\" value=\"Zu Fu\u00df\" aria-errormessage=\"wpforms-1152-field_13_1-error\" required ><label class=\"wpforms-field-label-inline\" for=\"wpforms-1152-field_13_1\">Zu Fu\u00df<\/label><\/li><li class=\"choice-2 depth-1\"><input type=\"checkbox\" id=\"wpforms-1152-field_13_2\" name=\"wpforms[fields][13][]\" value=\"Mit dem Fahrrad\" aria-errormessage=\"wpforms-1152-field_13_2-error\" required ><label class=\"wpforms-field-label-inline\" for=\"wpforms-1152-field_13_2\">Mit dem Fahrrad<\/label><\/li><\/ul><\/fieldset><\/div><div id=\"wpforms-1152-field_8-container\" class=\"wpforms-field wpforms-field-select wpforms-field-select-style-classic\" data-field-id=\"8\"><label class=\"wpforms-field-label\" for=\"wpforms-1152-field_8\">Fr\u00fchst\u00fcck nach der hl. Messe gegen 10:30 Uhr <span class=\"wpforms-required-label\" aria-hidden=\"true\">*<\/span><\/label><select id=\"wpforms-1152-field_8\" class=\"wpforms-field-medium wpforms-field-required\" name=\"wpforms[fields][8]\" required=\"required\"><option value=\"Bitte ausw\u00e4hlen\"  class=\"choice-1 depth-1\"  >Bitte ausw\u00e4hlen<\/option><option value=\"Kleines Fr\u00fchst\u00fcck (6,95\u20ac) - Getr\u00e4nke extra\"  class=\"choice-4 depth-1\"  >Kleines Fr\u00fchst\u00fcck (6,95\u20ac) &#8211; Getr\u00e4nke extra<\/option><option value=\"Gro\u00dfes Fr\u00fchst\u00fcck (9,25\u20ac) - Getr\u00e4nke extra\"  class=\"choice-3 depth-1\"  >Gro\u00dfes Fr\u00fchst\u00fcck (9,25\u20ac) &#8211; Getr\u00e4nke extra<\/option><option value=\"Kein Fr\u00fchst\u00fcck\"  class=\"choice-2 depth-1\"  >Kein Fr\u00fchst\u00fcck<\/option><\/select><\/div><div id=\"wpforms-1152-field_6-container\" class=\"wpforms-field wpforms-field-textarea\" data-field-id=\"6\"><label class=\"wpforms-field-label\" for=\"wpforms-1152-field_6\">Anmerkungen<\/label><textarea id=\"wpforms-1152-field_6\" class=\"wpforms-field-medium\" name=\"wpforms[fields][6]\" aria-errormessage=\"wpforms-1152-field_6-error\" ><\/textarea><\/div><\/div><!-- .wpforms-field-container --><div class=\"wpforms-submit-container\" ><input type=\"hidden\" name=\"wpforms[id]\" value=\"1152\"><input type=\"hidden\" name=\"page_title\" value=\"\"><input type=\"hidden\" name=\"page_url\" value=\"https:\/\/smb-kleinenbroich.de\/home\/wp-json\/wp\/v2\/pages\/983\"><input type=\"hidden\" name=\"url_referer\" value=\"\"><button type=\"submit\" name=\"wpforms[submit]\" id=\"wpforms-submit-1152\" class=\"wpforms-submit\" data-alt-text=\"Wird gesendet\u00a0\u2026\" data-submit-text=\"Verbindlich anmelden\" aria-live=\"assertive\" value=\"wpforms-submit\">Verbindlich anmelden<\/button><img loading=\"lazy\" decoding=\"async\" src=\"https:\/\/smb-kleinenbroich.de\/wp-content\/plugins\/wpforms-lite\/assets\/images\/submit-spin.svg\" class=\"wpforms-submit-spinner\" style=\"display: none;\" width=\"26\" height=\"26\" alt=\"Wird geladen\"><\/div><\/form><\/div>  <!-- .wpforms-container -->","protected":false},"excerpt":{"rendered":"","protected":false},"author":1,"featured_media":0,"parent":0,"menu_order":0,"comment_status":"closed","ping_status":"closed","template":"","meta":{"footnotes":""},"class_list":["post-983","page","type-page","status-publish","hentry"],"yoast_head":"<!-- This site is optimized with the Yoast SEO plugin v26.3 - https:\/\/yoast.com\/wordpress\/plugins\/seo\/ -->\n<title>Anmeldung zur Wallfahrt nach St. Godehard in T\u00f6nisvorst - st.matthias.bruderschaft<\/title>\n<meta name=\"robots\" content=\"index, follow, max-snippet:-1, max-image-preview:large, max-video-preview:-1\" \/>\n<link rel=\"canonical\" href=\"https:\/\/smb-kleinenbroich.de\/home\/einladung-zur-wallfahrt-nach-st-godehard-in-toenisvorst\/\" \/>\n<meta property=\"og:locale\" content=\"de_DE\" \/>\n<meta property=\"og:type\" content=\"article\" \/>\n<meta property=\"og:title\" content=\"Anmeldung zur Wallfahrt nach St. Godehard in T\u00f6nisvorst - st.matthias.bruderschaft\" \/>\n<meta property=\"og:url\" content=\"https:\/\/smb-kleinenbroich.de\/home\/einladung-zur-wallfahrt-nach-st-godehard-in-toenisvorst\/\" \/>\n<meta property=\"og:site_name\" content=\"st.matthias.bruderschaft\" \/>\n<meta property=\"article:publisher\" content=\"https:\/\/www.facebook.com\/groups\/240086402704272\/\" \/>\n<meta property=\"article:modified_time\" content=\"2026-04-16T04:29:02+00:00\" \/>\n<meta name=\"twitter:card\" content=\"summary_large_image\" \/>\n<script type=\"application\/ld+json\" class=\"yoast-schema-graph\">{\"@context\":\"https:\/\/schema.org\",\"@graph\":[{\"@type\":\"WebPage\",\"@id\":\"https:\/\/smb-kleinenbroich.de\/home\/einladung-zur-wallfahrt-nach-st-godehard-in-toenisvorst\/\",\"url\":\"https:\/\/smb-kleinenbroich.de\/home\/einladung-zur-wallfahrt-nach-st-godehard-in-toenisvorst\/\",\"name\":\"Anmeldung zur Wallfahrt nach St. Godehard in T\u00f6nisvorst - st.matthias.bruderschaft\",\"isPartOf\":{\"@id\":\"https:\/\/smb-kleinenbroich.de\/home\/#website\"},\"datePublished\":\"2025-04-30T09:22:40+00:00\",\"dateModified\":\"2026-04-16T04:29:02+00:00\",\"breadcrumb\":{\"@id\":\"https:\/\/smb-kleinenbroich.de\/home\/einladung-zur-wallfahrt-nach-st-godehard-in-toenisvorst\/#breadcrumb\"},\"inLanguage\":\"de\",\"potentialAction\":[{\"@type\":\"ReadAction\",\"target\":[\"https:\/\/smb-kleinenbroich.de\/home\/einladung-zur-wallfahrt-nach-st-godehard-in-toenisvorst\/\"]}]},{\"@type\":\"BreadcrumbList\",\"@id\":\"https:\/\/smb-kleinenbroich.de\/home\/einladung-zur-wallfahrt-nach-st-godehard-in-toenisvorst\/#breadcrumb\",\"itemListElement\":[{\"@type\":\"ListItem\",\"position\":1,\"name\":\"Startseite\",\"item\":\"https:\/\/smb-kleinenbroich.de\/home\/\"},{\"@type\":\"ListItem\",\"position\":2,\"name\":\"Anmeldung zur Wallfahrt nach St. Godehard in T\u00f6nisvorst\"}]},{\"@type\":\"WebSite\",\"@id\":\"https:\/\/smb-kleinenbroich.de\/home\/#website\",\"url\":\"https:\/\/smb-kleinenbroich.de\/home\/\",\"name\":\"st.matthias.bruderschaft\",\"description\":\"kleinenbroich\",\"publisher\":{\"@id\":\"https:\/\/smb-kleinenbroich.de\/home\/#organization\"},\"potentialAction\":[{\"@type\":\"SearchAction\",\"target\":{\"@type\":\"EntryPoint\",\"urlTemplate\":\"https:\/\/smb-kleinenbroich.de\/home\/?s={search_term_string}\"},\"query-input\":{\"@type\":\"PropertyValueSpecification\",\"valueRequired\":true,\"valueName\":\"search_term_string\"}}],\"inLanguage\":\"de\"},{\"@type\":\"Organization\",\"@id\":\"https:\/\/smb-kleinenbroich.de\/home\/#organization\",\"name\":\"st.matthias.bruderschaft\",\"url\":\"https:\/\/smb-kleinenbroich.de\/home\/\",\"logo\":{\"@type\":\"ImageObject\",\"inLanguage\":\"de\",\"@id\":\"https:\/\/smb-kleinenbroich.de\/home\/#\/schema\/logo\/image\/\",\"url\":\"https:\/\/smb-kleinenbroich.de\/wp-content\/uploads\/2023\/11\/cropped-SMB-Logo200x200.png\",\"contentUrl\":\"https:\/\/smb-kleinenbroich.de\/wp-content\/uploads\/2023\/11\/cropped-SMB-Logo200x200.png\",\"width\":200,\"height\":200,\"caption\":\"st.matthias.bruderschaft\"},\"image\":{\"@id\":\"https:\/\/smb-kleinenbroich.de\/home\/#\/schema\/logo\/image\/\"},\"sameAs\":[\"https:\/\/www.facebook.com\/groups\/240086402704272\/\"]}]}<\/script>\n<!-- \/ Yoast SEO plugin. -->","yoast_head_json":{"title":"Anmeldung zur Wallfahrt nach St. Godehard in T\u00f6nisvorst - st.matthias.bruderschaft","robots":{"index":"index","follow":"follow","max-snippet":"max-snippet:-1","max-image-preview":"max-image-preview:large","max-video-preview":"max-video-preview:-1"},"canonical":"https:\/\/smb-kleinenbroich.de\/home\/einladung-zur-wallfahrt-nach-st-godehard-in-toenisvorst\/","og_locale":"de_DE","og_type":"article","og_title":"Anmeldung zur Wallfahrt nach St. Godehard in T\u00f6nisvorst - st.matthias.bruderschaft","og_url":"https:\/\/smb-kleinenbroich.de\/home\/einladung-zur-wallfahrt-nach-st-godehard-in-toenisvorst\/","og_site_name":"st.matthias.bruderschaft","article_publisher":"https:\/\/www.facebook.com\/groups\/240086402704272\/","article_modified_time":"2026-04-16T04:29:02+00:00","twitter_card":"summary_large_image","schema":{"@context":"https:\/\/schema.org","@graph":[{"@type":"WebPage","@id":"https:\/\/smb-kleinenbroich.de\/home\/einladung-zur-wallfahrt-nach-st-godehard-in-toenisvorst\/","url":"https:\/\/smb-kleinenbroich.de\/home\/einladung-zur-wallfahrt-nach-st-godehard-in-toenisvorst\/","name":"Anmeldung zur Wallfahrt nach St. Godehard in T\u00f6nisvorst - st.matthias.bruderschaft","isPartOf":{"@id":"https:\/\/smb-kleinenbroich.de\/home\/#website"},"datePublished":"2025-04-30T09:22:40+00:00","dateModified":"2026-04-16T04:29:02+00:00","breadcrumb":{"@id":"https:\/\/smb-kleinenbroich.de\/home\/einladung-zur-wallfahrt-nach-st-godehard-in-toenisvorst\/#breadcrumb"},"inLanguage":"de","potentialAction":[{"@type":"ReadAction","target":["https:\/\/smb-kleinenbroich.de\/home\/einladung-zur-wallfahrt-nach-st-godehard-in-toenisvorst\/"]}]},{"@type":"BreadcrumbList","@id":"https:\/\/smb-kleinenbroich.de\/home\/einladung-zur-wallfahrt-nach-st-godehard-in-toenisvorst\/#breadcrumb","itemListElement":[{"@type":"ListItem","position":1,"name":"Startseite","item":"https:\/\/smb-kleinenbroich.de\/home\/"},{"@type":"ListItem","position":2,"name":"Anmeldung zur Wallfahrt nach St. Godehard in T\u00f6nisvorst"}]},{"@type":"WebSite","@id":"https:\/\/smb-kleinenbroich.de\/home\/#website","url":"https:\/\/smb-kleinenbroich.de\/home\/","name":"st.matthias.bruderschaft","description":"kleinenbroich","publisher":{"@id":"https:\/\/smb-kleinenbroich.de\/home\/#organization"},"potentialAction":[{"@type":"SearchAction","target":{"@type":"EntryPoint","urlTemplate":"https:\/\/smb-kleinenbroich.de\/home\/?s={search_term_string}"},"query-input":{"@type":"PropertyValueSpecification","valueRequired":true,"valueName":"search_term_string"}}],"inLanguage":"de"},{"@type":"Organization","@id":"https:\/\/smb-kleinenbroich.de\/home\/#organization","name":"st.matthias.bruderschaft","url":"https:\/\/smb-kleinenbroich.de\/home\/","logo":{"@type":"ImageObject","inLanguage":"de","@id":"https:\/\/smb-kleinenbroich.de\/home\/#\/schema\/logo\/image\/","url":"https:\/\/smb-kleinenbroich.de\/wp-content\/uploads\/2023\/11\/cropped-SMB-Logo200x200.png","contentUrl":"https:\/\/smb-kleinenbroich.de\/wp-content\/uploads\/2023\/11\/cropped-SMB-Logo200x200.png","width":200,"height":200,"caption":"st.matthias.bruderschaft"},"image":{"@id":"https:\/\/smb-kleinenbroich.de\/home\/#\/schema\/logo\/image\/"},"sameAs":["https:\/\/www.facebook.com\/groups\/240086402704272\/"]}]}},"jetpack_sharing_enabled":true,"publishpress_future_action":{"enabled":false,"date":"2026-04-28 10:50:26","action":"change-status","newStatus":"draft","terms":[],"taxonomy":"","extraData":[]},"publishpress_future_workflow_manual_trigger":{"enabledWorkflows":[]},"_links":{"self":[{"href":"https:\/\/smb-kleinenbroich.de\/home\/wp-json\/wp\/v2\/pages\/983","targetHints":{"allow":["GET"]}}],"collection":[{"href":"https:\/\/smb-kleinenbroich.de\/home\/wp-json\/wp\/v2\/pages"}],"about":[{"href":"https:\/\/smb-kleinenbroich.de\/home\/wp-json\/wp\/v2\/types\/page"}],"author":[{"embeddable":true,"href":"https:\/\/smb-kleinenbroich.de\/home\/wp-json\/wp\/v2\/users\/1"}],"replies":[{"embeddable":true,"href":"https:\/\/smb-kleinenbroich.de\/home\/wp-json\/wp\/v2\/comments?post=983"}],"version-history":[{"count":4,"href":"https:\/\/smb-kleinenbroich.de\/home\/wp-json\/wp\/v2\/pages\/983\/revisions"}],"predecessor-version":[{"id":1155,"href":"https:\/\/smb-kleinenbroich.de\/home\/wp-json\/wp\/v2\/pages\/983\/revisions\/1155"}],"wp:attachment":[{"href":"https:\/\/smb-kleinenbroich.de\/home\/wp-json\/wp\/v2\/media?parent=983"}],"curies":[{"name":"wp","href":"https:\/\/api.w.org\/{rel}","templated":true}]}}